{"id":24,"date":"2019-12-09T16:59:57","date_gmt":"2019-12-09T15:59:57","guid":{"rendered":"http:\/\/excellenceriviera.projestic.com\/?page_id=24"},"modified":"2022-01-26T16:05:48","modified_gmt":"2022-01-26T15:05:48","slug":"decouvrir","status":"publish","type":"page","link":"https:\/\/excellenceriviera.com\/fr\/decouvrir","title":{"rendered":"D\u00e9couvrir"},"content":{"rendered":"<div style=\"margin: 20px 0;\"><div class=\"qrcswholewtapper\" style=\"text-align:left;\"><div class=\"qrcprowrapper\"  id=\"qrcwraa2leds\"><div class=\"qrc_canvass\" id=\"qrc_cuttenpages_2\" style=\"display:inline-block\" data-text=\"https:\/\/excellenceriviera.com\/fr\/decouvrir\"><\/div><div><a download=\"D\u00e9couvrir.png\" class=\"qrcdownloads\" id=\"worign\">\r\n           <button type=\"button\" style=\"min-width:1000px;background:#c8fd8c;color:#000;font-weight: 600;border: 1px solid #dddddd;border-radius:4px;font-size:12px;padding: 6px 0;\" class=\"uqr_code_btn\">Download QR<\/button>\r\n           <\/a><\/div><\/div><\/div><\/div>","protected":false},"excerpt":{"rendered":"<p>Download QR<\/p>\n","protected":false},"author":1,"featured_media":652,"parent":0,"menu_order":0,"comment_status":"closed","ping_status":"closed","template":"template-discover.php","meta":{"_acf_changed":false,"footnotes":""},"class_list":["post-24","page","type-page","status-publish","has-post-thumbnail"],"acf":[],"yoast_head":"<!-- This site is optimized with the Yoast SEO plugin v27.3 - https:\/\/yoast.com\/product\/yoast-seo-wordpress\/ -->\n<title>D\u00e9couvrir la C\u00f4te d&#039;Azur - Excellence Riviera<\/title>\n<meta name=\"description\" content=\"Excellence vous propose la plus fine s\u00e9lection d&#039;\u00e9tablissements de luxe sur la C\u00f4te d&#039;Azur : Plages priv\u00e9es, Restaurants, Vie nocturne. Explorez maintenant !\" \/>\n<meta name=\"robots\" content=\"index, follow, max-snippet:-1, max-image-preview:large, max-video-preview:-1\" \/>\n<link rel=\"canonical\" href=\"https:\/\/excellenceriviera.com\/fr\/decouvrir\" \/>\n<meta property=\"og:locale\" content=\"fr_FR\" \/>\n<meta property=\"og:type\" content=\"article\" \/>\n<meta property=\"og:title\" content=\"D\u00e9couvrir la C\u00f4te d&#039;Azur - Excellence Riviera\" \/>\n<meta property=\"og:description\" content=\"Excellence vous propose la plus fine s\u00e9lection d&#039;\u00e9tablissements de luxe sur la C\u00f4te d&#039;Azur : Plages priv\u00e9es, Restaurants, Vie nocturne. Explorez maintenant !\" \/>\n<meta property=\"og:url\" content=\"https:\/\/excellenceriviera.com\/fr\/decouvrir\" \/>\n<meta property=\"og:site_name\" content=\"Excellence Riviera\" \/>\n<meta property=\"article:publisher\" content=\"https:\/\/www.facebook.com\/ExcellenceSaintTropez\/\" \/>\n<meta property=\"article:modified_time\" content=\"2022-01-26T15:05:48+00:00\" \/>\n<meta property=\"og:image\" content=\"https:\/\/excellenceriviera.com\/wp-content\/uploads\/2020\/05\/private-beaches.jpg\" \/>\n\t<meta property=\"og:image:width\" content=\"975\" \/>\n\t<meta property=\"og:image:height\" content=\"650\" \/>\n\t<meta property=\"og:image:type\" content=\"image\/jpeg\" \/>\n<meta name=\"twitter:card\" content=\"summary_large_image\" \/>\n<meta name=\"twitter:site\" content=\"@excellence_fr\" \/>\n<meta name=\"twitter:label1\" content=\"Dur\u00e9e de lecture estim\u00e9e\" \/>\n\t<meta name=\"twitter:data1\" content=\"1 minute\" \/>\n<!-- \/ Yoast SEO plugin. -->","yoast_head_json":{"title":"D\u00e9couvrir la C\u00f4te d'Azur - Excellence Riviera","description":"Excellence vous propose la plus fine s\u00e9lection d'\u00e9tablissements de luxe sur la C\u00f4te d'Azur : Plages priv\u00e9es, Restaurants, Vie nocturne. Explorez maintenant !","robots":{"index":"index","follow":"follow","max-snippet":"max-snippet:-1","max-image-preview":"max-image-preview:large","max-video-preview":"max-video-preview:-1"},"canonical":"https:\/\/excellenceriviera.com\/fr\/decouvrir","og_locale":"fr_FR","og_type":"article","og_title":"D\u00e9couvrir la C\u00f4te d'Azur - Excellence Riviera","og_description":"Excellence vous propose la plus fine s\u00e9lection d'\u00e9tablissements de luxe sur la C\u00f4te d'Azur : Plages priv\u00e9es, Restaurants, Vie nocturne. Explorez maintenant !","og_url":"https:\/\/excellenceriviera.com\/fr\/decouvrir","og_site_name":"Excellence Riviera","article_publisher":"https:\/\/www.facebook.com\/ExcellenceSaintTropez\/","article_modified_time":"2022-01-26T15:05:48+00:00","og_image":[{"width":975,"height":650,"url":"https:\/\/excellenceriviera.com\/wp-content\/uploads\/2020\/05\/private-beaches.jpg","type":"image\/jpeg"}],"twitter_card":"summary_large_image","twitter_site":"@excellence_fr","twitter_misc":{"Dur\u00e9e de lecture estim\u00e9e":"1 minute"},"schema":{"@context":"https:\/\/schema.org","@graph":[{"@type":"WebPage","@id":"https:\/\/excellenceriviera.com\/fr\/decouvrir","url":"https:\/\/excellenceriviera.com\/fr\/decouvrir","name":"D\u00e9couvrir la C\u00f4te d'Azur - Excellence Riviera","isPartOf":{"@id":"https:\/\/excellenceriviera.com\/fr\/#website"},"primaryImageOfPage":{"@id":"https:\/\/excellenceriviera.com\/fr\/decouvrir#primaryimage"},"image":{"@id":"https:\/\/excellenceriviera.com\/fr\/decouvrir#primaryimage"},"thumbnailUrl":"https:\/\/excellenceriviera.com\/wp-content\/uploads\/2020\/05\/private-beaches.jpg","datePublished":"2019-12-09T15:59:57+00:00","dateModified":"2022-01-26T15:05:48+00:00","description":"Excellence vous propose la plus fine s\u00e9lection d'\u00e9tablissements de luxe sur la C\u00f4te d'Azur : Plages priv\u00e9es, Restaurants, Vie nocturne. Explorez maintenant !","breadcrumb":{"@id":"https:\/\/excellenceriviera.com\/fr\/decouvrir#breadcrumb"},"inLanguage":"fr-FR","potentialAction":[{"@type":"ReadAction","target":["https:\/\/excellenceriviera.com\/fr\/decouvrir"]}]},{"@type":"ImageObject","inLanguage":"fr-FR","@id":"https:\/\/excellenceriviera.com\/fr\/decouvrir#primaryimage","url":"https:\/\/excellenceriviera.com\/wp-content\/uploads\/2020\/05\/private-beaches.jpg","contentUrl":"https:\/\/excellenceriviera.com\/wp-content\/uploads\/2020\/05\/private-beaches.jpg","width":975,"height":650,"caption":"Private beach with pontoon"},{"@type":"BreadcrumbList","@id":"https:\/\/excellenceriviera.com\/fr\/decouvrir#breadcrumb","itemListElement":[{"@type":"ListItem","position":1,"name":"D\u00e9couvrir","item":"https:\/\/excellenceriviera.com\/fr\/decouvrir"},{"@type":"ListItem","position":2,"name":"D\u00e9couvrir"}]},{"@type":"WebSite","@id":"https:\/\/excellenceriviera.com\/fr\/#website","url":"https:\/\/excellenceriviera.com\/fr\/","name":"Excellence Riviera","description":"S\u00e9jours de luxe sur la C\u00f4te d&#039;Azur","publisher":{"@id":"https:\/\/excellenceriviera.com\/fr\/#organization"},"alternateName":"Excellence Riviera","potentialAction":[{"@type":"SearchAction","target":{"@type":"EntryPoint","urlTemplate":"https:\/\/excellenceriviera.com\/fr\/?s={search_term_string}"},"query-input":{"@type":"PropertyValueSpecification","valueRequired":true,"valueName":"search_term_string"}}],"inLanguage":"fr-FR"},{"@type":"Organization","@id":"https:\/\/excellenceriviera.com\/fr\/#organization","name":"Excellence Riviera","alternateName":"Excellence","url":"https:\/\/excellenceriviera.com\/fr\/","logo":{"@type":"ImageObject","inLanguage":"fr-FR","@id":"https:\/\/excellenceriviera.com\/fr\/#\/schema\/logo\/image\/","url":"https:\/\/excellenceriviera.com\/wp-content\/uploads\/2021\/12\/Logo-Excellence-2021.jpg","contentUrl":"https:\/\/excellenceriviera.com\/wp-content\/uploads\/2021\/12\/Logo-Excellence-2021.jpg","width":858,"height":116,"caption":"Excellence Riviera"},"image":{"@id":"https:\/\/excellenceriviera.com\/fr\/#\/schema\/logo\/image\/"},"sameAs":["https:\/\/www.facebook.com\/ExcellenceSaintTropez\/","https:\/\/x.com\/excellence_fr","https:\/\/www.instagram.com\/excellenceriviera\/","https:\/\/www.linkedin.com\/company\/excellenceriviera"]}]}},"_links":{"self":[{"href":"https:\/\/excellenceriviera.com\/fr\/wp-json\/wp\/v2\/pages\/24","targetHints":{"allow":["GET"]}}],"collection":[{"href":"https:\/\/excellenceriviera.com\/fr\/wp-json\/wp\/v2\/pages"}],"about":[{"href":"https:\/\/excellenceriviera.com\/fr\/wp-json\/wp\/v2\/types\/page"}],"author":[{"embeddable":true,"href":"https:\/\/excellenceriviera.com\/fr\/wp-json\/wp\/v2\/users\/1"}],"replies":[{"embeddable":true,"href":"https:\/\/excellenceriviera.com\/fr\/wp-json\/wp\/v2\/comments?post=24"}],"version-history":[{"count":0,"href":"https:\/\/excellenceriviera.com\/fr\/wp-json\/wp\/v2\/pages\/24\/revisions"}],"wp:featuredmedia":[{"embeddable":true,"href":"https:\/\/excellenceriviera.com\/fr\/wp-json\/wp\/v2\/media\/652"}],"wp:attachment":[{"href":"https:\/\/excellenceriviera.com\/fr\/wp-json\/wp\/v2\/media?parent=24"}],"curies":[{"name":"wp","href":"https:\/\/api.w.org\/{rel}","templated":true}]}}