{"id":38718,"date":"2023-03-29T14:06:12","date_gmt":"2023-03-29T12:06:12","guid":{"rendered":"https:\/\/excellenceriviera.com\/location-villa\/modern-villa-rental"},"modified":"2026-04-07T15:51:59","modified_gmt":"2026-04-07T13:51:59","slug":"modern-villa-rental","status":"publish","type":"page","link":"https:\/\/excellenceriviera.com\/fr\/location-villa\/saint-tropez\/villas-modernes","title":{"rendered":"Location Villas Modernes"},"content":{"rendered":"<div style=\"margin: 20px 0;\"><div class=\"qrcswholewtapper\" style=\"text-align:left;\"><div class=\"qrcprowrapper\"  id=\"qrcwraa2leds\"><div class=\"qrc_canvass\" id=\"qrc_cuttenpages_2\" style=\"display:inline-block\" data-text=\"https:\/\/excellenceriviera.com\/fr\/location-villa\/saint-tropez\/villas-modernes\"><\/div><div><a download=\"Location Villas Modernes.png\" class=\"qrcdownloads\" id=\"worign\">\r\n           <button type=\"button\" style=\"min-width:1000px;background:#c8fd8c;color:#000;font-weight: 600;border: 1px solid #dddddd;border-radius:4px;font-size:12px;padding: 6px 0;\" class=\"uqr_code_btn\">Download QR<\/button>\r\n           <\/a><\/div><\/div><\/div><\/div>","protected":false},"excerpt":{"rendered":"<p>Download QR<\/p>\n","protected":false},"author":12,"featured_media":38019,"parent":36,"menu_order":0,"comment_status":"closed","ping_status":"closed","template":"template-listing-inner.php","meta":{"_acf_changed":false,"footnotes":""},"class_list":["post-38718","page","type-page","status-publish","has-post-thumbnail"],"acf":[],"yoast_head":"<!-- This site is optimized with the Yoast SEO plugin v27.3 - https:\/\/yoast.com\/product\/yoast-seo-wordpress\/ -->\n<title>Location de villas modernes dans le Golfe de Saint-Tropez<\/title>\n<meta name=\"description\" content=\"Villas de luxe modernes \u00e0 St Tropez, Ramatuelle, Gassin et Grimaud - Agence sp\u00e9cialis\u00e9e dans la location saisonni\u00e8re de villas de luxe.\" \/>\n<meta name=\"robots\" content=\"index, follow, max-snippet:-1, max-image-preview:large, max-video-preview:-1\" \/>\n<link rel=\"canonical\" href=\"https:\/\/excellenceriviera.com\/fr\/location-villa\/saint-tropez\/villas-modernes\" \/>\n<meta property=\"og:locale\" content=\"fr_FR\" \/>\n<meta property=\"og:type\" content=\"article\" \/>\n<meta property=\"og:title\" content=\"Location de villas modernes dans le Golfe de Saint-Tropez\" \/>\n<meta property=\"og:description\" content=\"Villas de luxe modernes \u00e0 St Tropez, Ramatuelle, Gassin et Grimaud - Agence sp\u00e9cialis\u00e9e dans la location saisonni\u00e8re de villas de luxe.\" \/>\n<meta property=\"og:url\" content=\"https:\/\/excellenceriviera.com\/fr\/location-villa\/saint-tropez\/villas-modernes\" \/>\n<meta property=\"og:site_name\" content=\"Excellence Riviera\" \/>\n<meta property=\"article:publisher\" content=\"https:\/\/www.facebook.com\/ExcellenceSaintTropez\/\" \/>\n<meta property=\"article:modified_time\" content=\"2026-04-07T13:51:59+00:00\" \/>\n<meta property=\"og:image\" content=\"https:\/\/excellenceriviera.com\/wp-content\/uploads\/2023\/03\/Villas-Modernes-Saint-Tropez.jpg\" \/>\n\t<meta property=\"og:image:width\" content=\"540\" \/>\n\t<meta property=\"og:image:height\" content=\"324\" \/>\n\t<meta property=\"og:image:type\" content=\"image\/jpeg\" \/>\n<meta name=\"twitter:card\" content=\"summary_large_image\" \/>\n<meta name=\"twitter:site\" content=\"@excellence_fr\" \/>\n<!-- \/ Yoast SEO plugin. -->","yoast_head_json":{"title":"Location de villas modernes dans le Golfe de Saint-Tropez","description":"Villas de luxe modernes \u00e0 St Tropez, Ramatuelle, Gassin et Grimaud - Agence sp\u00e9cialis\u00e9e dans la location saisonni\u00e8re de villas de luxe.","robots":{"index":"index","follow":"follow","max-snippet":"max-snippet:-1","max-image-preview":"max-image-preview:large","max-video-preview":"max-video-preview:-1"},"canonical":"https:\/\/excellenceriviera.com\/fr\/location-villa\/saint-tropez\/villas-modernes","og_locale":"fr_FR","og_type":"article","og_title":"Location de villas modernes dans le Golfe de Saint-Tropez","og_description":"Villas de luxe modernes \u00e0 St Tropez, Ramatuelle, Gassin et Grimaud - Agence sp\u00e9cialis\u00e9e dans la location saisonni\u00e8re de villas de luxe.","og_url":"https:\/\/excellenceriviera.com\/fr\/location-villa\/saint-tropez\/villas-modernes","og_site_name":"Excellence Riviera","article_publisher":"https:\/\/www.facebook.com\/ExcellenceSaintTropez\/","article_modified_time":"2026-04-07T13:51:59+00:00","og_image":[{"width":540,"height":324,"url":"https:\/\/excellenceriviera.com\/wp-content\/uploads\/2023\/03\/Villas-Modernes-Saint-Tropez.jpg","type":"image\/jpeg"}],"twitter_card":"summary_large_image","twitter_site":"@excellence_fr","schema":{"@context":"https:\/\/schema.org","@graph":[{"@type":"WebPage","@id":"https:\/\/excellenceriviera.com\/fr\/location-villa\/saint-tropez\/villas-modernes","url":"https:\/\/excellenceriviera.com\/fr\/location-villa\/saint-tropez\/villas-modernes","name":"Location de villas modernes dans le Golfe de Saint-Tropez","isPartOf":{"@id":"https:\/\/excellenceriviera.com\/fr\/#website"},"primaryImageOfPage":{"@id":"https:\/\/excellenceriviera.com\/fr\/location-villa\/saint-tropez\/villas-modernes#primaryimage"},"image":{"@id":"https:\/\/excellenceriviera.com\/fr\/location-villa\/saint-tropez\/villas-modernes#primaryimage"},"thumbnailUrl":"https:\/\/excellenceriviera.com\/wp-content\/uploads\/2023\/03\/Villas-Modernes-Saint-Tropez.jpg","datePublished":"2023-03-29T12:06:12+00:00","dateModified":"2026-04-07T13:51:59+00:00","description":"Villas de luxe modernes \u00e0 St Tropez, Ramatuelle, Gassin et Grimaud - Agence sp\u00e9cialis\u00e9e dans la location saisonni\u00e8re de villas de luxe.","breadcrumb":{"@id":"https:\/\/excellenceriviera.com\/fr\/location-villa\/saint-tropez\/villas-modernes#breadcrumb"},"inLanguage":"fr-FR","potentialAction":[{"@type":"ReadAction","target":["https:\/\/excellenceriviera.com\/fr\/location-villa\/saint-tropez\/villas-modernes"]}]},{"@type":"ImageObject","inLanguage":"fr-FR","@id":"https:\/\/excellenceriviera.com\/fr\/location-villa\/saint-tropez\/villas-modernes#primaryimage","url":"https:\/\/excellenceriviera.com\/wp-content\/uploads\/2023\/03\/Villas-Modernes-Saint-Tropez.jpg","contentUrl":"https:\/\/excellenceriviera.com\/wp-content\/uploads\/2023\/03\/Villas-Modernes-Saint-Tropez.jpg","width":540,"height":324,"caption":"Salon int\u00e9rieur d'une villa moderne \u00e0 Saint-Tropez"},{"@type":"BreadcrumbList","@id":"https:\/\/excellenceriviera.com\/fr\/location-villa\/saint-tropez\/villas-modernes#breadcrumb","itemListElement":[{"@type":"ListItem","position":1,"name":"Location de villa sur la C\u00f4te d&rsquo;Azur","item":"https:\/\/excellenceriviera.com\/fr\/location-villa"},{"@type":"ListItem","position":2,"name":"Location de villa sur la C\u00f4te d'Azur","item":"https:\/\/excellenceriviera.com\/fr\/location-villa"},{"@type":"ListItem","position":3,"name":"Location villa Saint-Tropez","item":"https:\/\/excellenceriviera.com\/fr\/location-villa\/saint-tropez"},{"@type":"ListItem","position":4,"name":"Location Villas Modernes"}]},{"@type":"WebSite","@id":"https:\/\/excellenceriviera.com\/fr\/#website","url":"https:\/\/excellenceriviera.com\/fr\/","name":"Excellence Riviera","description":"S\u00e9jours de luxe sur la C\u00f4te d&#039;Azur","publisher":{"@id":"https:\/\/excellenceriviera.com\/fr\/#organization"},"alternateName":"Excellence Riviera","potentialAction":[{"@type":"SearchAction","target":{"@type":"EntryPoint","urlTemplate":"https:\/\/excellenceriviera.com\/fr\/?s={search_term_string}"},"query-input":{"@type":"PropertyValueSpecification","valueRequired":true,"valueName":"search_term_string"}}],"inLanguage":"fr-FR"},{"@type":"Organization","@id":"https:\/\/excellenceriviera.com\/fr\/#organization","name":"Excellence Riviera","alternateName":"Excellence","url":"https:\/\/excellenceriviera.com\/fr\/","logo":{"@type":"ImageObject","inLanguage":"fr-FR","@id":"https:\/\/excellenceriviera.com\/fr\/#\/schema\/logo\/image\/","url":"https:\/\/excellenceriviera.com\/wp-content\/uploads\/2021\/12\/Logo-Excellence-2021.jpg","contentUrl":"https:\/\/excellenceriviera.com\/wp-content\/uploads\/2021\/12\/Logo-Excellence-2021.jpg","width":858,"height":116,"caption":"Excellence Riviera"},"image":{"@id":"https:\/\/excellenceriviera.com\/fr\/#\/schema\/logo\/image\/"},"sameAs":["https:\/\/www.facebook.com\/ExcellenceSaintTropez\/","https:\/\/x.com\/excellence_fr","https:\/\/www.instagram.com\/excellenceriviera\/","https:\/\/www.linkedin.com\/company\/excellenceriviera"]}]}},"_links":{"self":[{"href":"https:\/\/excellenceriviera.com\/fr\/wp-json\/wp\/v2\/pages\/38718","targetHints":{"allow":["GET"]}}],"collection":[{"href":"https:\/\/excellenceriviera.com\/fr\/wp-json\/wp\/v2\/pages"}],"about":[{"href":"https:\/\/excellenceriviera.com\/fr\/wp-json\/wp\/v2\/types\/page"}],"author":[{"embeddable":true,"href":"https:\/\/excellenceriviera.com\/fr\/wp-json\/wp\/v2\/users\/12"}],"replies":[{"embeddable":true,"href":"https:\/\/excellenceriviera.com\/fr\/wp-json\/wp\/v2\/comments?post=38718"}],"version-history":[{"count":2,"href":"https:\/\/excellenceriviera.com\/fr\/wp-json\/wp\/v2\/pages\/38718\/revisions"}],"predecessor-version":[{"id":85228,"href":"https:\/\/excellenceriviera.com\/fr\/wp-json\/wp\/v2\/pages\/38718\/revisions\/85228"}],"up":[{"embeddable":true,"href":"https:\/\/excellenceriviera.com\/fr\/wp-json\/wp\/v2\/pages\/36"}],"wp:featuredmedia":[{"embeddable":true,"href":"https:\/\/excellenceriviera.com\/fr\/wp-json\/wp\/v2\/media\/38019"}],"wp:attachment":[{"href":"https:\/\/excellenceriviera.com\/fr\/wp-json\/wp\/v2\/media?parent=38718"}],"curies":[{"name":"wp","href":"https:\/\/api.w.org\/{rel}","templated":true}]}}