{"id":4338,"date":"2020-05-22T13:17:09","date_gmt":"2020-05-22T11:17:09","guid":{"rendered":"http:\/\/excellenceriviera.projestic.com\/reservation-helicoptere\/"},"modified":"2023-09-19T09:47:32","modified_gmt":"2023-09-19T07:47:32","slug":"reservation-helicoptere","status":"publish","type":"page","link":"https:\/\/excellenceriviera.com\/fr\/reservation-helicoptere","title":{"rendered":"R\u00e9servation H\u00e9licopt\u00e8re"},"content":{"rendered":"<div style=\"margin: 20px 0;\"><div class=\"qrcswholewtapper\" style=\"text-align:left;\"><div class=\"qrcprowrapper\"  id=\"qrcwraa2leds\"><div class=\"qrc_canvass\" id=\"qrc_cuttenpages_2\" style=\"display:inline-block\" data-text=\"https:\/\/excellenceriviera.com\/fr\/reservation-helicoptere\"><\/div><div><a download=\"R\u00e9servation H\u00e9licopt\u00e8re.png\" class=\"qrcdownloads\" id=\"worign\">\r\n           <button type=\"button\" style=\"min-width:1000px;background:#c8fd8c;color:#000;font-weight: 600;border: 1px solid #dddddd;border-radius:4px;font-size:12px;padding: 6px 0;\" class=\"uqr_code_btn\">Download QR<\/button>\r\n           <\/a><\/div><\/div><\/div><\/div>","protected":false},"excerpt":{"rendered":"<p>Download QR<\/p>\n","protected":false},"author":1,"featured_media":0,"parent":0,"menu_order":0,"comment_status":"closed","ping_status":"closed","template":"template-booking-transfer.php","meta":{"_acf_changed":false,"footnotes":""},"class_list":["post-4338","page","type-page","status-publish"],"acf":[],"yoast_head":"<!-- This site is optimized with the Yoast SEO plugin v27.3 - https:\/\/yoast.com\/product\/yoast-seo-wordpress\/ -->\n<title>R\u00e9servation H\u00e9licopt\u00e8re &#8226; Excellence Riviera<\/title>\n<meta name=\"robots\" content=\"noindex, follow\" \/>\n<meta property=\"og:locale\" content=\"fr_FR\" \/>\n<meta property=\"og:type\" content=\"article\" \/>\n<meta property=\"og:title\" content=\"R\u00e9servation H\u00e9licopt\u00e8re &#8226; Excellence Riviera\" \/>\n<meta property=\"og:description\" content=\"Download QR\" \/>\n<meta property=\"og:url\" content=\"https:\/\/excellenceriviera.com\/fr\/reservation-helicoptere\" \/>\n<meta property=\"og:site_name\" content=\"Excellence Riviera\" \/>\n<meta property=\"article:publisher\" content=\"https:\/\/www.facebook.com\/ExcellenceSaintTropez\/\" \/>\n<meta property=\"article:modified_time\" content=\"2023-09-19T07:47:32+00:00\" \/>\n<meta name=\"twitter:card\" content=\"summary_large_image\" \/>\n<meta name=\"twitter:site\" content=\"@excellence_fr\" \/>\n<!-- \/ Yoast SEO plugin. -->","yoast_head_json":{"title":"R\u00e9servation H\u00e9licopt\u00e8re &#8226; Excellence Riviera","robots":{"index":"noindex","follow":"follow"},"og_locale":"fr_FR","og_type":"article","og_title":"R\u00e9servation H\u00e9licopt\u00e8re &#8226; Excellence Riviera","og_description":"Download QR","og_url":"https:\/\/excellenceriviera.com\/fr\/reservation-helicoptere","og_site_name":"Excellence Riviera","article_publisher":"https:\/\/www.facebook.com\/ExcellenceSaintTropez\/","article_modified_time":"2023-09-19T07:47:32+00:00","twitter_card":"summary_large_image","twitter_site":"@excellence_fr","schema":{"@context":"https:\/\/schema.org","@graph":[{"@type":"WebPage","@id":"https:\/\/excellenceriviera.com\/fr\/reservation-helicoptere","url":"https:\/\/excellenceriviera.com\/fr\/reservation-helicoptere","name":"R\u00e9servation H\u00e9licopt\u00e8re &#8226; Excellence Riviera","isPartOf":{"@id":"https:\/\/excellenceriviera.com\/fr\/#website"},"datePublished":"2020-05-22T11:17:09+00:00","dateModified":"2023-09-19T07:47:32+00:00","breadcrumb":{"@id":"https:\/\/excellenceriviera.com\/fr\/reservation-helicoptere#breadcrumb"},"inLanguage":"fr-FR","potentialAction":[{"@type":"ReadAction","target":["https:\/\/excellenceriviera.com\/fr\/reservation-helicoptere"]}]},{"@type":"BreadcrumbList","@id":"https:\/\/excellenceriviera.com\/fr\/reservation-helicoptere#breadcrumb","itemListElement":[{"@type":"ListItem","position":1,"name":"R\u00e9servation H\u00e9licopt\u00e8re","item":"https:\/\/excellenceriviera.com\/fr\/reservation-helicoptere"},{"@type":"ListItem","position":2,"name":"R\u00e9servation H\u00e9licopt\u00e8re"}]},{"@type":"WebSite","@id":"https:\/\/excellenceriviera.com\/fr\/#website","url":"https:\/\/excellenceriviera.com\/fr\/","name":"Excellence Riviera","description":"S\u00e9jours de luxe sur la C\u00f4te d&#039;Azur","publisher":{"@id":"https:\/\/excellenceriviera.com\/fr\/#organization"},"alternateName":"Excellence Riviera","potentialAction":[{"@type":"SearchAction","target":{"@type":"EntryPoint","urlTemplate":"https:\/\/excellenceriviera.com\/fr\/?s={search_term_string}"},"query-input":{"@type":"PropertyValueSpecification","valueRequired":true,"valueName":"search_term_string"}}],"inLanguage":"fr-FR"},{"@type":"Organization","@id":"https:\/\/excellenceriviera.com\/fr\/#organization","name":"Excellence Riviera","alternateName":"Excellence","url":"https:\/\/excellenceriviera.com\/fr\/","logo":{"@type":"ImageObject","inLanguage":"fr-FR","@id":"https:\/\/excellenceriviera.com\/fr\/#\/schema\/logo\/image\/","url":"https:\/\/excellenceriviera.com\/wp-content\/uploads\/2021\/12\/Logo-Excellence-2021.jpg","contentUrl":"https:\/\/excellenceriviera.com\/wp-content\/uploads\/2021\/12\/Logo-Excellence-2021.jpg","width":858,"height":116,"caption":"Excellence Riviera"},"image":{"@id":"https:\/\/excellenceriviera.com\/fr\/#\/schema\/logo\/image\/"},"sameAs":["https:\/\/www.facebook.com\/ExcellenceSaintTropez\/","https:\/\/x.com\/excellence_fr","https:\/\/www.instagram.com\/excellenceriviera\/","https:\/\/www.linkedin.com\/company\/excellenceriviera"]}]}},"_links":{"self":[{"href":"https:\/\/excellenceriviera.com\/fr\/wp-json\/wp\/v2\/pages\/4338","targetHints":{"allow":["GET"]}}],"collection":[{"href":"https:\/\/excellenceriviera.com\/fr\/wp-json\/wp\/v2\/pages"}],"about":[{"href":"https:\/\/excellenceriviera.com\/fr\/wp-json\/wp\/v2\/types\/page"}],"author":[{"embeddable":true,"href":"https:\/\/excellenceriviera.com\/fr\/wp-json\/wp\/v2\/users\/1"}],"replies":[{"embeddable":true,"href":"https:\/\/excellenceriviera.com\/fr\/wp-json\/wp\/v2\/comments?post=4338"}],"version-history":[{"count":0,"href":"https:\/\/excellenceriviera.com\/fr\/wp-json\/wp\/v2\/pages\/4338\/revisions"}],"wp:attachment":[{"href":"https:\/\/excellenceriviera.com\/fr\/wp-json\/wp\/v2\/media?parent=4338"}],"curies":[{"name":"wp","href":"https:\/\/api.w.org\/{rel}","templated":true}]}}