{"id":4765,"date":"2020-06-01T10:58:14","date_gmt":"2020-06-01T08:58:14","guid":{"rendered":"http:\/\/excellenceriviera.projestic.com\/?page_id=4765"},"modified":"2023-12-31T09:55:13","modified_gmt":"2023-12-31T08:55:13","slug":"saint-tropez-le-guide","status":"publish","type":"page","link":"https:\/\/excellenceriviera.com\/fr\/saint-tropez","title":{"rendered":"Saint-Tropez : Le Guide"},"content":{"rendered":"<div style=\"margin: 20px 0;\"><div class=\"qrcswholewtapper\" style=\"text-align:left;\"><div class=\"qrcprowrapper\"  id=\"qrcwraa2leds\"><div class=\"qrc_canvass\" id=\"qrc_cuttenpages_2\" style=\"display:inline-block\" data-text=\"https:\/\/excellenceriviera.com\/fr\/saint-tropez\"><\/div><div><a download=\"Saint-Tropez : Le Guide.png\" class=\"qrcdownloads\" id=\"worign\">\r\n           <button type=\"button\" style=\"min-width:1000px;background:#c8fd8c;color:#000;font-weight: 600;border: 1px solid #dddddd;border-radius:4px;font-size:12px;padding: 6px 0;\" class=\"uqr_code_btn\">Download QR<\/button>\r\n           <\/a><\/div><\/div><\/div><\/div>","protected":false},"excerpt":{"rendered":"<p>Download QR<\/p>\n","protected":false},"author":1,"featured_media":0,"parent":0,"menu_order":0,"comment_status":"closed","ping_status":"closed","template":"template-destination.php","meta":{"_acf_changed":false,"footnotes":""},"class_list":["post-4765","page","type-page","status-publish"],"acf":[],"yoast_head":"<!-- This site is optimized with the Yoast SEO plugin v27.4 - https:\/\/yoast.com\/product\/yoast-seo-wordpress\/ -->\n<title>Saint-Tropez : Guide tourisme et voyage de luxe &#8226; Excellence Riviera<\/title>\n<meta name=\"description\" content=\"D\u00e9couvrez tout ce qu&#039;il y a \u00e0 savoir pour organiser un voyage de luxe \u00e0 Saint-Tropez. Quand ? Comment ? Que faire ? H\u00e9bergements ? Transports ? Adresses ?\" \/>\n<meta name=\"robots\" content=\"index, follow, max-snippet:-1, max-image-preview:large, max-video-preview:-1\" \/>\n<link rel=\"canonical\" href=\"https:\/\/excellenceriviera.com\/fr\/saint-tropez\" \/>\n<meta property=\"og:locale\" content=\"fr_FR\" \/>\n<meta property=\"og:type\" content=\"article\" \/>\n<meta property=\"og:title\" content=\"Saint-Tropez : Guide tourisme et voyage de luxe &#8226; Excellence Riviera\" \/>\n<meta property=\"og:description\" content=\"D\u00e9couvrez tout ce qu&#039;il y a \u00e0 savoir pour organiser un voyage de luxe \u00e0 Saint-Tropez. Quand ? Comment ? Que faire ? H\u00e9bergements ? Transports ? Adresses ?\" \/>\n<meta property=\"og:url\" content=\"https:\/\/excellenceriviera.com\/fr\/saint-tropez\" \/>\n<meta property=\"og:site_name\" content=\"Excellence Riviera\" \/>\n<meta property=\"article:publisher\" content=\"https:\/\/www.facebook.com\/ExcellenceSaintTropez\/\" \/>\n<meta property=\"article:modified_time\" content=\"2023-12-31T08:55:13+00:00\" \/>\n<meta name=\"twitter:card\" content=\"summary_large_image\" \/>\n<meta name=\"twitter:site\" content=\"@excellence_fr\" \/>\n<!-- \/ Yoast SEO plugin. -->","yoast_head_json":{"title":"Saint-Tropez : Guide tourisme et voyage de luxe &#8226; Excellence Riviera","description":"D\u00e9couvrez tout ce qu'il y a \u00e0 savoir pour organiser un voyage de luxe \u00e0 Saint-Tropez. Quand ? Comment ? Que faire ? H\u00e9bergements ? Transports ? Adresses ?","robots":{"index":"index","follow":"follow","max-snippet":"max-snippet:-1","max-image-preview":"max-image-preview:large","max-video-preview":"max-video-preview:-1"},"canonical":"https:\/\/excellenceriviera.com\/fr\/saint-tropez","og_locale":"fr_FR","og_type":"article","og_title":"Saint-Tropez : Guide tourisme et voyage de luxe &#8226; Excellence Riviera","og_description":"D\u00e9couvrez tout ce qu'il y a \u00e0 savoir pour organiser un voyage de luxe \u00e0 Saint-Tropez. Quand ? Comment ? Que faire ? H\u00e9bergements ? Transports ? Adresses ?","og_url":"https:\/\/excellenceriviera.com\/fr\/saint-tropez","og_site_name":"Excellence Riviera","article_publisher":"https:\/\/www.facebook.com\/ExcellenceSaintTropez\/","article_modified_time":"2023-12-31T08:55:13+00:00","twitter_card":"summary_large_image","twitter_site":"@excellence_fr","schema":{"@context":"https:\/\/schema.org","@graph":[{"@type":"WebPage","@id":"https:\/\/excellenceriviera.com\/fr\/saint-tropez","url":"https:\/\/excellenceriviera.com\/fr\/saint-tropez","name":"Saint-Tropez : Guide tourisme et voyage de luxe &#8226; Excellence Riviera","isPartOf":{"@id":"https:\/\/excellenceriviera.com\/fr\/#website"},"datePublished":"2020-06-01T08:58:14+00:00","dateModified":"2023-12-31T08:55:13+00:00","description":"D\u00e9couvrez tout ce qu'il y a \u00e0 savoir pour organiser un voyage de luxe \u00e0 Saint-Tropez. Quand ? Comment ? Que faire ? H\u00e9bergements ? Transports ? Adresses ?","breadcrumb":{"@id":"https:\/\/excellenceriviera.com\/fr\/saint-tropez#breadcrumb"},"inLanguage":"fr-FR","potentialAction":[{"@type":"ReadAction","target":["https:\/\/excellenceriviera.com\/fr\/saint-tropez"]}]},{"@type":"BreadcrumbList","@id":"https:\/\/excellenceriviera.com\/fr\/saint-tropez#breadcrumb","itemListElement":[{"@type":"ListItem","position":1,"name":"Saint-Tropez : Le Guide","item":"https:\/\/excellenceriviera.com\/fr\/saint-tropez"},{"@type":"ListItem","position":2,"name":"Saint-Tropez : Le Guide"}]},{"@type":"WebSite","@id":"https:\/\/excellenceriviera.com\/fr\/#website","url":"https:\/\/excellenceriviera.com\/fr\/","name":"Excellence Riviera","description":"S\u00e9jours de luxe sur la C\u00f4te d&#039;Azur","publisher":{"@id":"https:\/\/excellenceriviera.com\/fr\/#organization"},"alternateName":"Excellence Riviera","potentialAction":[{"@type":"SearchAction","target":{"@type":"EntryPoint","urlTemplate":"https:\/\/excellenceriviera.com\/fr\/?s={search_term_string}"},"query-input":{"@type":"PropertyValueSpecification","valueRequired":true,"valueName":"search_term_string"}}],"inLanguage":"fr-FR"},{"@type":"Organization","@id":"https:\/\/excellenceriviera.com\/fr\/#organization","name":"Excellence Riviera","alternateName":"Excellence","url":"https:\/\/excellenceriviera.com\/fr\/","logo":{"@type":"ImageObject","inLanguage":"fr-FR","@id":"https:\/\/excellenceriviera.com\/fr\/#\/schema\/logo\/image\/","url":"https:\/\/excellenceriviera.com\/wp-content\/uploads\/2021\/12\/Logo-Excellence-2021.jpg","contentUrl":"https:\/\/excellenceriviera.com\/wp-content\/uploads\/2021\/12\/Logo-Excellence-2021.jpg","width":858,"height":116,"caption":"Excellence Riviera"},"image":{"@id":"https:\/\/excellenceriviera.com\/fr\/#\/schema\/logo\/image\/"},"sameAs":["https:\/\/www.facebook.com\/ExcellenceSaintTropez\/","https:\/\/x.com\/excellence_fr","https:\/\/www.instagram.com\/excellenceriviera\/","https:\/\/www.linkedin.com\/company\/excellenceriviera"]}]}},"_links":{"self":[{"href":"https:\/\/excellenceriviera.com\/fr\/wp-json\/wp\/v2\/pages\/4765","targetHints":{"allow":["GET"]}}],"collection":[{"href":"https:\/\/excellenceriviera.com\/fr\/wp-json\/wp\/v2\/pages"}],"about":[{"href":"https:\/\/excellenceriviera.com\/fr\/wp-json\/wp\/v2\/types\/page"}],"author":[{"embeddable":true,"href":"https:\/\/excellenceriviera.com\/fr\/wp-json\/wp\/v2\/users\/1"}],"replies":[{"embeddable":true,"href":"https:\/\/excellenceriviera.com\/fr\/wp-json\/wp\/v2\/comments?post=4765"}],"version-history":[{"count":0,"href":"https:\/\/excellenceriviera.com\/fr\/wp-json\/wp\/v2\/pages\/4765\/revisions"}],"wp:attachment":[{"href":"https:\/\/excellenceriviera.com\/fr\/wp-json\/wp\/v2\/media?parent=4765"}],"curies":[{"name":"wp","href":"https:\/\/api.w.org\/{rel}","templated":true}]}}