{"id":48474,"date":"2023-11-30T15:33:20","date_gmt":"2023-11-30T14:33:20","guid":{"rendered":"https:\/\/excellenceriviera.com\/?page_id=48474"},"modified":"2026-04-28T07:03:25","modified_gmt":"2026-04-28T05:03:25","slug":"location-villa-saint-jean-cap-ferrat","status":"publish","type":"page","link":"https:\/\/excellenceriviera.com\/fr\/location-villa\/saint-jean-cap-ferrat","title":{"rendered":"Villas de luxe \u00e0 Saint-Jean-Cap-Ferrat"},"content":{"rendered":"<div style=\"margin: 20px 0;\"><div class=\"qrcswholewtapper\" style=\"text-align:left;\"><div class=\"qrcprowrapper\"  id=\"qrcwraa2leds\"><div class=\"qrc_canvass\" id=\"qrc_cuttenpages_2\" style=\"display:inline-block\" data-text=\"https:\/\/excellenceriviera.com\/fr\/location-villa\/saint-jean-cap-ferrat\"><\/div><div><a download=\"Villas de luxe \u00e0 Saint-Jean-Cap-Ferrat.png\" class=\"qrcdownloads\" id=\"worign\">\r\n           <button type=\"button\" style=\"min-width:1000px;background:#c8fd8c;color:#000;font-weight: 600;border: 1px solid #dddddd;border-radius:4px;font-size:12px;padding: 6px 0;\" class=\"uqr_code_btn\">Download QR<\/button>\r\n           <\/a><\/div><\/div><\/div><\/div>","protected":false},"excerpt":{"rendered":"<p>Download QR<\/p>\n","protected":false},"author":1,"featured_media":48478,"parent":34,"menu_order":0,"comment_status":"closed","ping_status":"closed","template":"template-listing-inner.php","meta":{"_acf_changed":false,"footnotes":""},"class_list":["post-48474","page","type-page","status-publish","has-post-thumbnail"],"acf":[],"yoast_head":"<!-- This site is optimized with the Yoast SEO plugin v27.6 - https:\/\/yoast.com\/product\/yoast-seo-wordpress\/ -->\n<title>Location Villa &amp; Maison Luxe \u00e0 Saint-Jean-Cap-Ferrat - Excellence Riviera<\/title>\n<meta name=\"description\" content=\"Luxe &amp; Discr\u00e9tion - Explorez nos locations de villas de luxe \u00e0 Saint-Jean-Cap-Ferrat. Excellence organise vos vacances sur-mesure.\" \/>\n<meta name=\"robots\" content=\"index, follow, max-snippet:-1, max-image-preview:large, max-video-preview:-1\" \/>\n<link rel=\"canonical\" href=\"https:\/\/excellenceriviera.com\/fr\/location-villa\/saint-jean-cap-ferrat\" \/>\n<meta property=\"og:locale\" content=\"fr_FR\" \/>\n<meta property=\"og:type\" content=\"article\" \/>\n<meta property=\"og:title\" content=\"Location Villa &amp; Maison Luxe \u00e0 Saint-Jean-Cap-Ferrat - Excellence Riviera\" \/>\n<meta property=\"og:description\" content=\"Luxe &amp; Discr\u00e9tion - Explorez nos locations de villas de luxe \u00e0 Saint-Jean-Cap-Ferrat. Excellence organise vos vacances sur-mesure.\" \/>\n<meta property=\"og:url\" content=\"https:\/\/excellenceriviera.com\/fr\/location-villa\/saint-jean-cap-ferrat\" \/>\n<meta property=\"og:site_name\" content=\"Excellence Riviera\" \/>\n<meta property=\"article:publisher\" content=\"https:\/\/www.facebook.com\/ExcellenceSaintTropez\/\" \/>\n<meta property=\"article:modified_time\" content=\"2026-04-28T05:03:25+00:00\" \/>\n<meta property=\"og:image\" content=\"https:\/\/excellenceriviera.com\/wp-content\/uploads\/2023\/11\/Location-Villa-Luxe-Saint-Jean-Cap-Ferrat.jpg\" \/>\n\t<meta property=\"og:image:width\" content=\"800\" \/>\n\t<meta property=\"og:image:height\" content=\"800\" \/>\n\t<meta property=\"og:image:type\" content=\"image\/jpeg\" \/>\n<meta name=\"twitter:card\" content=\"summary_large_image\" \/>\n<meta name=\"twitter:site\" content=\"@excellence_fr\" \/>\n<!-- \/ Yoast SEO plugin. -->","yoast_head_json":{"title":"Location Villa & Maison Luxe \u00e0 Saint-Jean-Cap-Ferrat - Excellence Riviera","description":"Luxe & Discr\u00e9tion - Explorez nos locations de villas de luxe \u00e0 Saint-Jean-Cap-Ferrat. Excellence organise vos vacances sur-mesure.","robots":{"index":"index","follow":"follow","max-snippet":"max-snippet:-1","max-image-preview":"max-image-preview:large","max-video-preview":"max-video-preview:-1"},"canonical":"https:\/\/excellenceriviera.com\/fr\/location-villa\/saint-jean-cap-ferrat","og_locale":"fr_FR","og_type":"article","og_title":"Location Villa & Maison Luxe \u00e0 Saint-Jean-Cap-Ferrat - Excellence Riviera","og_description":"Luxe & Discr\u00e9tion - Explorez nos locations de villas de luxe \u00e0 Saint-Jean-Cap-Ferrat. Excellence organise vos vacances sur-mesure.","og_url":"https:\/\/excellenceriviera.com\/fr\/location-villa\/saint-jean-cap-ferrat","og_site_name":"Excellence Riviera","article_publisher":"https:\/\/www.facebook.com\/ExcellenceSaintTropez\/","article_modified_time":"2026-04-28T05:03:25+00:00","og_image":[{"width":800,"height":800,"url":"https:\/\/excellenceriviera.com\/wp-content\/uploads\/2023\/11\/Location-Villa-Luxe-Saint-Jean-Cap-Ferrat.jpg","type":"image\/jpeg"}],"twitter_card":"summary_large_image","twitter_site":"@excellence_fr","schema":{"@context":"https:\/\/schema.org","@graph":[{"@type":["WebPage","CollectionPage"],"@id":"https:\/\/excellenceriviera.com\/fr\/location-villa\/saint-jean-cap-ferrat","url":"https:\/\/excellenceriviera.com\/fr\/location-villa\/saint-jean-cap-ferrat","name":"Location Villa & Maison Luxe \u00e0 Saint-Jean-Cap-Ferrat - Excellence Riviera","isPartOf":{"@id":"https:\/\/excellenceriviera.com\/fr\/#website"},"primaryImageOfPage":{"@id":"https:\/\/excellenceriviera.com\/fr\/location-villa\/saint-jean-cap-ferrat#primaryimage"},"image":{"@id":"https:\/\/excellenceriviera.com\/fr\/location-villa\/saint-jean-cap-ferrat#primaryimage"},"thumbnailUrl":"https:\/\/excellenceriviera.com\/wp-content\/uploads\/2023\/11\/Location-Villa-Luxe-Saint-Jean-Cap-Ferrat.jpg","datePublished":"2023-11-30T14:33:20+00:00","dateModified":"2026-04-28T05:03:25+00:00","description":"Luxe & Discr\u00e9tion - Explorez nos locations de villas de luxe \u00e0 Saint-Jean-Cap-Ferrat. Excellence organise vos vacances sur-mesure.","breadcrumb":{"@id":"https:\/\/excellenceriviera.com\/fr\/location-villa\/saint-jean-cap-ferrat#breadcrumb"},"inLanguage":"fr-FR"},{"@type":"ImageObject","inLanguage":"fr-FR","@id":"https:\/\/excellenceriviera.com\/fr\/location-villa\/saint-jean-cap-ferrat#primaryimage","url":"https:\/\/excellenceriviera.com\/wp-content\/uploads\/2023\/11\/Location-Villa-Luxe-Saint-Jean-Cap-Ferrat.jpg","contentUrl":"https:\/\/excellenceriviera.com\/wp-content\/uploads\/2023\/11\/Location-Villa-Luxe-Saint-Jean-Cap-Ferrat.jpg","width":800,"height":800,"caption":"Commune de Saint-Jean-Cap-Ferrat, C\u00f4te d'Azur, France"},{"@type":"BreadcrumbList","@id":"https:\/\/excellenceriviera.com\/fr\/location-villa\/saint-jean-cap-ferrat#breadcrumb","itemListElement":[{"@type":"ListItem","position":1,"name":"Location de villa sur la C\u00f4te d&rsquo;Azur","item":"https:\/\/excellenceriviera.com\/fr\/location-villa"},{"@type":"ListItem","position":2,"name":"Location de villa sur la C\u00f4te d'Azur","item":"https:\/\/excellenceriviera.com\/fr\/location-villa"},{"@type":"ListItem","position":3,"name":"Villas de luxe \u00e0 Saint-Jean-Cap-Ferrat"}]},{"@type":"WebSite","@id":"https:\/\/excellenceriviera.com\/fr\/#website","url":"https:\/\/excellenceriviera.com\/fr\/","name":"Excellence Riviera","description":"S\u00e9jours de luxe sur la C\u00f4te d&#039;Azur","publisher":{"@id":"https:\/\/excellenceriviera.com\/fr\/#organization"},"alternateName":"Excellence Riviera","potentialAction":[{"@type":"SearchAction","target":{"@type":"EntryPoint","urlTemplate":"https:\/\/excellenceriviera.com\/fr\/?s={search_term_string}"},"query-input":{"@type":"PropertyValueSpecification","valueRequired":true,"valueName":"search_term_string"}}],"inLanguage":"fr-FR"},{"@type":"Organization","@id":"https:\/\/excellenceriviera.com\/fr\/#organization","name":"Excellence Riviera","alternateName":"Excellence","url":"https:\/\/excellenceriviera.com\/fr\/","logo":{"@type":"ImageObject","inLanguage":"fr-FR","@id":"https:\/\/excellenceriviera.com\/fr\/#\/schema\/logo\/image\/","url":"https:\/\/excellenceriviera.com\/wp-content\/uploads\/2021\/12\/Logo-Excellence-2021.jpg","contentUrl":"https:\/\/excellenceriviera.com\/wp-content\/uploads\/2021\/12\/Logo-Excellence-2021.jpg","width":858,"height":116,"caption":"Excellence Riviera"},"image":{"@id":"https:\/\/excellenceriviera.com\/fr\/#\/schema\/logo\/image\/"},"sameAs":["https:\/\/www.facebook.com\/ExcellenceSaintTropez\/","https:\/\/x.com\/excellence_fr","https:\/\/www.instagram.com\/excellenceriviera\/","https:\/\/www.linkedin.com\/company\/excellenceriviera"]}]}},"_links":{"self":[{"href":"https:\/\/excellenceriviera.com\/fr\/wp-json\/wp\/v2\/pages\/48474","targetHints":{"allow":["GET"]}}],"collection":[{"href":"https:\/\/excellenceriviera.com\/fr\/wp-json\/wp\/v2\/pages"}],"about":[{"href":"https:\/\/excellenceriviera.com\/fr\/wp-json\/wp\/v2\/types\/page"}],"author":[{"embeddable":true,"href":"https:\/\/excellenceriviera.com\/fr\/wp-json\/wp\/v2\/users\/1"}],"replies":[{"embeddable":true,"href":"https:\/\/excellenceriviera.com\/fr\/wp-json\/wp\/v2\/comments?post=48474"}],"version-history":[{"count":0,"href":"https:\/\/excellenceriviera.com\/fr\/wp-json\/wp\/v2\/pages\/48474\/revisions"}],"up":[{"embeddable":true,"href":"https:\/\/excellenceriviera.com\/fr\/wp-json\/wp\/v2\/pages\/34"}],"wp:featuredmedia":[{"embeddable":true,"href":"https:\/\/excellenceriviera.com\/fr\/wp-json\/wp\/v2\/media\/48478"}],"wp:attachment":[{"href":"https:\/\/excellenceriviera.com\/fr\/wp-json\/wp\/v2\/media?parent=48474"}],"curies":[{"name":"wp","href":"https:\/\/api.w.org\/{rel}","templated":true}]}}