{"id":71,"date":"2019-12-09T17:00:54","date_gmt":"2019-12-09T16:00:54","guid":{"rendered":"http:\/\/excellenceriviera.projestic.com\/?page_id=71"},"modified":"2024-04-23T12:15:48","modified_gmt":"2024-04-23T10:15:48","slug":"location-yacht-cannes","status":"publish","type":"page","link":"https:\/\/excellenceriviera.com\/fr\/location-yacht\/cannes","title":{"rendered":"Location Yacht Cannes"},"content":{"rendered":"<div style=\"margin: 20px 0;\"><div class=\"qrcswholewtapper\" style=\"text-align:left;\"><div class=\"qrcprowrapper\"  id=\"qrcwraa2leds\"><div class=\"qrc_canvass\" id=\"qrc_cuttenpages_2\" style=\"display:inline-block\" data-text=\"https:\/\/excellenceriviera.com\/fr\/location-yacht\/cannes\"><\/div><div><a download=\"Location Yacht Cannes.png\" class=\"qrcdownloads\" id=\"worign\">\r\n           <button type=\"button\" style=\"min-width:1000px;background:#c8fd8c;color:#000;font-weight: 600;border: 1px solid #dddddd;border-radius:4px;font-size:12px;padding: 6px 0;\" class=\"uqr_code_btn\">Download QR<\/button>\r\n           <\/a><\/div><\/div><\/div><\/div>","protected":false},"excerpt":{"rendered":"<p>Download QR<\/p>\n","protected":false},"author":1,"featured_media":537,"parent":67,"menu_order":0,"comment_status":"closed","ping_status":"closed","template":"template-listing-inner.php","meta":{"_acf_changed":false,"footnotes":""},"class_list":["post-71","page","type-page","status-publish","has-post-thumbnail"],"acf":[],"yoast_head":"<!-- This site is optimized with the Yoast SEO plugin v27.3 - https:\/\/yoast.com\/product\/yoast-seo-wordpress\/ -->\n<title>Location Yacht Cannes &amp; Superyachts<\/title>\n<meta name=\"description\" content=\"Location de yacht \u00e0 Cannes - Explorez plus de 120 yachts \u00e0 louer, comparez en quelques clics et r\u00e9servez au meilleur tarif.\" \/>\n<meta name=\"robots\" content=\"index, follow, max-snippet:-1, max-image-preview:large, max-video-preview:-1\" \/>\n<link rel=\"canonical\" href=\"https:\/\/excellenceriviera.com\/fr\/location-yacht\/cannes\" \/>\n<meta property=\"og:locale\" content=\"fr_FR\" \/>\n<meta property=\"og:type\" content=\"article\" \/>\n<meta property=\"og:title\" content=\"Location Yacht Cannes &amp; Superyachts\" \/>\n<meta property=\"og:description\" content=\"Location de yacht \u00e0 Cannes - Explorez plus de 120 yachts \u00e0 louer, comparez en quelques clics et r\u00e9servez au meilleur tarif.\" \/>\n<meta property=\"og:url\" content=\"https:\/\/excellenceriviera.com\/fr\/location-yacht\/cannes\" \/>\n<meta property=\"og:site_name\" content=\"Excellence Riviera\" \/>\n<meta property=\"article:publisher\" content=\"https:\/\/www.facebook.com\/ExcellenceSaintTropez\/\" \/>\n<meta property=\"article:modified_time\" content=\"2024-04-23T10:15:48+00:00\" \/>\n<meta property=\"og:image\" content=\"https:\/\/excellenceriviera.com\/wp-content\/uploads\/2020\/05\/yacht-charter-cannes.jpg\" \/>\n\t<meta property=\"og:image:width\" content=\"975\" \/>\n\t<meta property=\"og:image:height\" content=\"650\" \/>\n\t<meta property=\"og:image:type\" content=\"image\/jpeg\" \/>\n<meta name=\"twitter:card\" content=\"summary_large_image\" \/>\n<meta name=\"twitter:site\" content=\"@excellence_fr\" \/>\n<!-- \/ Yoast SEO plugin. -->","yoast_head_json":{"title":"Location Yacht Cannes & Superyachts","description":"Location de yacht \u00e0 Cannes - Explorez plus de 120 yachts \u00e0 louer, comparez en quelques clics et r\u00e9servez au meilleur tarif.","robots":{"index":"index","follow":"follow","max-snippet":"max-snippet:-1","max-image-preview":"max-image-preview:large","max-video-preview":"max-video-preview:-1"},"canonical":"https:\/\/excellenceriviera.com\/fr\/location-yacht\/cannes","og_locale":"fr_FR","og_type":"article","og_title":"Location Yacht Cannes & Superyachts","og_description":"Location de yacht \u00e0 Cannes - Explorez plus de 120 yachts \u00e0 louer, comparez en quelques clics et r\u00e9servez au meilleur tarif.","og_url":"https:\/\/excellenceriviera.com\/fr\/location-yacht\/cannes","og_site_name":"Excellence Riviera","article_publisher":"https:\/\/www.facebook.com\/ExcellenceSaintTropez\/","article_modified_time":"2024-04-23T10:15:48+00:00","og_image":[{"width":975,"height":650,"url":"https:\/\/excellenceriviera.com\/wp-content\/uploads\/2020\/05\/yacht-charter-cannes.jpg","type":"image\/jpeg"}],"twitter_card":"summary_large_image","twitter_site":"@excellence_fr","schema":{"@context":"https:\/\/schema.org","@graph":[{"@type":["WebPage","CollectionPage"],"@id":"https:\/\/excellenceriviera.com\/fr\/location-yacht\/cannes","url":"https:\/\/excellenceriviera.com\/fr\/location-yacht\/cannes","name":"Location Yacht Cannes & Superyachts","isPartOf":{"@id":"https:\/\/excellenceriviera.com\/fr\/#website"},"primaryImageOfPage":{"@id":"https:\/\/excellenceriviera.com\/fr\/location-yacht\/cannes#primaryimage"},"image":{"@id":"https:\/\/excellenceriviera.com\/fr\/location-yacht\/cannes#primaryimage"},"thumbnailUrl":"https:\/\/excellenceriviera.com\/wp-content\/uploads\/2020\/05\/yacht-charter-cannes.jpg","datePublished":"2019-12-09T16:00:54+00:00","dateModified":"2024-04-23T10:15:48+00:00","description":"Location de yacht \u00e0 Cannes - Explorez plus de 120 yachts \u00e0 louer, comparez en quelques clics et r\u00e9servez au meilleur tarif.","breadcrumb":{"@id":"https:\/\/excellenceriviera.com\/fr\/location-yacht\/cannes#breadcrumb"},"inLanguage":"fr-FR"},{"@type":"ImageObject","inLanguage":"fr-FR","@id":"https:\/\/excellenceriviera.com\/fr\/location-yacht\/cannes#primaryimage","url":"https:\/\/excellenceriviera.com\/wp-content\/uploads\/2020\/05\/yacht-charter-cannes.jpg","contentUrl":"https:\/\/excellenceriviera.com\/wp-content\/uploads\/2020\/05\/yacht-charter-cannes.jpg","width":975,"height":650,"caption":"Vue sur la baie de Cannes avec des yachts et des bateaux"},{"@type":"BreadcrumbList","@id":"https:\/\/excellenceriviera.com\/fr\/location-yacht\/cannes#breadcrumb","itemListElement":[{"@type":"ListItem","position":1,"name":"Location de yacht avec \u00e9quipage","item":"https:\/\/excellenceriviera.com\/fr\/location-yacht"},{"@type":"ListItem","position":2,"name":"Location de yacht avec \u00e9quipage","item":"https:\/\/excellenceriviera.com\/fr\/location-yacht"},{"@type":"ListItem","position":3,"name":"Location Yacht Cannes"}]},{"@type":"WebSite","@id":"https:\/\/excellenceriviera.com\/fr\/#website","url":"https:\/\/excellenceriviera.com\/fr\/","name":"Excellence Riviera","description":"S\u00e9jours de luxe sur la C\u00f4te d&#039;Azur","publisher":{"@id":"https:\/\/excellenceriviera.com\/fr\/#organization"},"alternateName":"Excellence Riviera","potentialAction":[{"@type":"SearchAction","target":{"@type":"EntryPoint","urlTemplate":"https:\/\/excellenceriviera.com\/fr\/?s={search_term_string}"},"query-input":{"@type":"PropertyValueSpecification","valueRequired":true,"valueName":"search_term_string"}}],"inLanguage":"fr-FR"},{"@type":"Organization","@id":"https:\/\/excellenceriviera.com\/fr\/#organization","name":"Excellence Riviera","alternateName":"Excellence","url":"https:\/\/excellenceriviera.com\/fr\/","logo":{"@type":"ImageObject","inLanguage":"fr-FR","@id":"https:\/\/excellenceriviera.com\/fr\/#\/schema\/logo\/image\/","url":"https:\/\/excellenceriviera.com\/wp-content\/uploads\/2021\/12\/Logo-Excellence-2021.jpg","contentUrl":"https:\/\/excellenceriviera.com\/wp-content\/uploads\/2021\/12\/Logo-Excellence-2021.jpg","width":858,"height":116,"caption":"Excellence Riviera"},"image":{"@id":"https:\/\/excellenceriviera.com\/fr\/#\/schema\/logo\/image\/"},"sameAs":["https:\/\/www.facebook.com\/ExcellenceSaintTropez\/","https:\/\/x.com\/excellence_fr","https:\/\/www.instagram.com\/excellenceriviera\/","https:\/\/www.linkedin.com\/company\/excellenceriviera"]}]}},"_links":{"self":[{"href":"https:\/\/excellenceriviera.com\/fr\/wp-json\/wp\/v2\/pages\/71","targetHints":{"allow":["GET"]}}],"collection":[{"href":"https:\/\/excellenceriviera.com\/fr\/wp-json\/wp\/v2\/pages"}],"about":[{"href":"https:\/\/excellenceriviera.com\/fr\/wp-json\/wp\/v2\/types\/page"}],"author":[{"embeddable":true,"href":"https:\/\/excellenceriviera.com\/fr\/wp-json\/wp\/v2\/users\/1"}],"replies":[{"embeddable":true,"href":"https:\/\/excellenceriviera.com\/fr\/wp-json\/wp\/v2\/comments?post=71"}],"version-history":[{"count":0,"href":"https:\/\/excellenceriviera.com\/fr\/wp-json\/wp\/v2\/pages\/71\/revisions"}],"up":[{"embeddable":true,"href":"https:\/\/excellenceriviera.com\/fr\/wp-json\/wp\/v2\/pages\/67"}],"wp:featuredmedia":[{"embeddable":true,"href":"https:\/\/excellenceriviera.com\/fr\/wp-json\/wp\/v2\/media\/537"}],"wp:attachment":[{"href":"https:\/\/excellenceriviera.com\/fr\/wp-json\/wp\/v2\/media?parent=71"}],"curies":[{"name":"wp","href":"https:\/\/api.w.org\/{rel}","templated":true}]}}