{"id":81,"date":"2019-12-09T17:00:56","date_gmt":"2019-12-09T16:00:56","guid":{"rendered":"http:\/\/excellenceriviera.projestic.com\/?page_id=81"},"modified":"2024-03-23T07:47:57","modified_gmt":"2024-03-23T06:47:57","slug":"location-voiture-luxe-monaco","status":"publish","type":"page","link":"https:\/\/excellenceriviera.com\/fr\/location-voiture-luxe\/monaco","title":{"rendered":"Location voiture luxe Monaco"},"content":{"rendered":"<div style=\"margin: 20px 0;\"><div class=\"qrcswholewtapper\" style=\"text-align:left;\"><div class=\"qrcprowrapper\"  id=\"qrcwraa2leds\"><div class=\"qrc_canvass\" id=\"qrc_cuttenpages_2\" style=\"display:inline-block\" data-text=\"https:\/\/excellenceriviera.com\/fr\/location-voiture-luxe\/monaco\"><\/div><div><a download=\"Location voiture luxe Monaco.png\" class=\"qrcdownloads\" id=\"worign\">\r\n           <button type=\"button\" style=\"min-width:1000px;background:#c8fd8c;color:#000;font-weight: 600;border: 1px solid #dddddd;border-radius:4px;font-size:12px;padding: 6px 0;\" class=\"uqr_code_btn\">Download QR<\/button>\r\n           <\/a><\/div><\/div><\/div><\/div>","protected":false},"excerpt":{"rendered":"<p>Download QR<\/p>\n","protected":false},"author":1,"featured_media":7006,"parent":75,"menu_order":0,"comment_status":"closed","ping_status":"closed","template":"template-listing-inner.php","meta":{"_acf_changed":false,"footnotes":""},"class_list":["post-81","page","type-page","status-publish","has-post-thumbnail"],"acf":[],"yoast_head":"<!-- This site is optimized with the Yoast SEO plugin v27.3 - https:\/\/yoast.com\/product\/yoast-seo-wordpress\/ -->\n<title>Location Voiture Luxe \u00e0 Monaco \u2022 Plus de 50 mod\u00e8les d&#039;exception<\/title>\n<meta name=\"description\" content=\"Pilotez sur les routes de Monaco \u00e0 bord de votre voiture de luxe de location : Sportives, SUVs, Cabriolets. Plus de 50 mod\u00e8les disponibles parmi 12 marques.\" \/>\n<meta name=\"robots\" content=\"index, follow, max-snippet:-1, max-image-preview:large, max-video-preview:-1\" \/>\n<link rel=\"canonical\" href=\"https:\/\/excellenceriviera.com\/fr\/location-voiture-luxe\/monaco\" \/>\n<meta property=\"og:locale\" content=\"fr_FR\" \/>\n<meta property=\"og:type\" content=\"article\" \/>\n<meta property=\"og:title\" content=\"Location Voiture Luxe \u00e0 Monaco \u2022 Plus de 50 mod\u00e8les d&#039;exception\" \/>\n<meta property=\"og:description\" content=\"Pilotez sur les routes de Monaco \u00e0 bord de votre voiture de luxe de location : Sportives, SUVs, Cabriolets. Plus de 50 mod\u00e8les disponibles parmi 12 marques.\" \/>\n<meta property=\"og:url\" content=\"https:\/\/excellenceriviera.com\/fr\/location-voiture-luxe\/monaco\" \/>\n<meta property=\"og:site_name\" content=\"Excellence Riviera\" \/>\n<meta property=\"article:publisher\" content=\"https:\/\/www.facebook.com\/ExcellenceSaintTropez\/\" \/>\n<meta property=\"article:modified_time\" content=\"2024-03-23T06:47:57+00:00\" \/>\n<meta property=\"og:image\" content=\"https:\/\/excellenceriviera.com\/wp-content\/uploads\/2020\/06\/Luxury-SUV-Car.jpg\" \/>\n\t<meta property=\"og:image:width\" content=\"600\" \/>\n\t<meta property=\"og:image:height\" content=\"400\" \/>\n\t<meta property=\"og:image:type\" content=\"image\/jpeg\" \/>\n<meta name=\"twitter:card\" content=\"summary_large_image\" \/>\n<meta name=\"twitter:site\" content=\"@excellence_fr\" \/>\n<!-- \/ Yoast SEO plugin. -->","yoast_head_json":{"title":"Location Voiture Luxe \u00e0 Monaco \u2022 Plus de 50 mod\u00e8les d'exception","description":"Pilotez sur les routes de Monaco \u00e0 bord de votre voiture de luxe de location : Sportives, SUVs, Cabriolets. Plus de 50 mod\u00e8les disponibles parmi 12 marques.","robots":{"index":"index","follow":"follow","max-snippet":"max-snippet:-1","max-image-preview":"max-image-preview:large","max-video-preview":"max-video-preview:-1"},"canonical":"https:\/\/excellenceriviera.com\/fr\/location-voiture-luxe\/monaco","og_locale":"fr_FR","og_type":"article","og_title":"Location Voiture Luxe \u00e0 Monaco \u2022 Plus de 50 mod\u00e8les d'exception","og_description":"Pilotez sur les routes de Monaco \u00e0 bord de votre voiture de luxe de location : Sportives, SUVs, Cabriolets. Plus de 50 mod\u00e8les disponibles parmi 12 marques.","og_url":"https:\/\/excellenceriviera.com\/fr\/location-voiture-luxe\/monaco","og_site_name":"Excellence Riviera","article_publisher":"https:\/\/www.facebook.com\/ExcellenceSaintTropez\/","article_modified_time":"2024-03-23T06:47:57+00:00","og_image":[{"width":600,"height":400,"url":"https:\/\/excellenceriviera.com\/wp-content\/uploads\/2020\/06\/Luxury-SUV-Car.jpg","type":"image\/jpeg"}],"twitter_card":"summary_large_image","twitter_site":"@excellence_fr","schema":{"@context":"https:\/\/schema.org","@graph":[{"@type":["WebPage","CollectionPage"],"@id":"https:\/\/excellenceriviera.com\/fr\/location-voiture-luxe\/monaco","url":"https:\/\/excellenceriviera.com\/fr\/location-voiture-luxe\/monaco","name":"Location Voiture Luxe \u00e0 Monaco \u2022 Plus de 50 mod\u00e8les d'exception","isPartOf":{"@id":"https:\/\/excellenceriviera.com\/fr\/#website"},"primaryImageOfPage":{"@id":"https:\/\/excellenceriviera.com\/fr\/location-voiture-luxe\/monaco#primaryimage"},"image":{"@id":"https:\/\/excellenceriviera.com\/fr\/location-voiture-luxe\/monaco#primaryimage"},"thumbnailUrl":"https:\/\/excellenceriviera.com\/wp-content\/uploads\/2020\/06\/Luxury-SUV-Car.jpg","datePublished":"2019-12-09T16:00:56+00:00","dateModified":"2024-03-23T06:47:57+00:00","description":"Pilotez sur les routes de Monaco \u00e0 bord de votre voiture de luxe de location : Sportives, SUVs, Cabriolets. Plus de 50 mod\u00e8les disponibles parmi 12 marques.","breadcrumb":{"@id":"https:\/\/excellenceriviera.com\/fr\/location-voiture-luxe\/monaco#breadcrumb"},"inLanguage":"fr-FR"},{"@type":"ImageObject","inLanguage":"fr-FR","@id":"https:\/\/excellenceriviera.com\/fr\/location-voiture-luxe\/monaco#primaryimage","url":"https:\/\/excellenceriviera.com\/wp-content\/uploads\/2020\/06\/Luxury-SUV-Car.jpg","contentUrl":"https:\/\/excellenceriviera.com\/wp-content\/uploads\/2020\/06\/Luxury-SUV-Car.jpg","width":600,"height":400,"caption":"Location de voiture SUV"},{"@type":"BreadcrumbList","@id":"https:\/\/excellenceriviera.com\/fr\/location-voiture-luxe\/monaco#breadcrumb","itemListElement":[{"@type":"ListItem","position":1,"name":"Location voiture de luxe","item":"https:\/\/excellenceriviera.com\/fr\/location-voiture-luxe"},{"@type":"ListItem","position":2,"name":"Location voiture de luxe","item":"https:\/\/excellenceriviera.com\/fr\/location-voiture-luxe"},{"@type":"ListItem","position":3,"name":"Location voiture luxe Monaco"}]},{"@type":"WebSite","@id":"https:\/\/excellenceriviera.com\/fr\/#website","url":"https:\/\/excellenceriviera.com\/fr\/","name":"Excellence Riviera","description":"S\u00e9jours de luxe sur la C\u00f4te d&#039;Azur","publisher":{"@id":"https:\/\/excellenceriviera.com\/fr\/#organization"},"alternateName":"Excellence Riviera","potentialAction":[{"@type":"SearchAction","target":{"@type":"EntryPoint","urlTemplate":"https:\/\/excellenceriviera.com\/fr\/?s={search_term_string}"},"query-input":{"@type":"PropertyValueSpecification","valueRequired":true,"valueName":"search_term_string"}}],"inLanguage":"fr-FR"},{"@type":"Organization","@id":"https:\/\/excellenceriviera.com\/fr\/#organization","name":"Excellence Riviera","alternateName":"Excellence","url":"https:\/\/excellenceriviera.com\/fr\/","logo":{"@type":"ImageObject","inLanguage":"fr-FR","@id":"https:\/\/excellenceriviera.com\/fr\/#\/schema\/logo\/image\/","url":"https:\/\/excellenceriviera.com\/wp-content\/uploads\/2021\/12\/Logo-Excellence-2021.jpg","contentUrl":"https:\/\/excellenceriviera.com\/wp-content\/uploads\/2021\/12\/Logo-Excellence-2021.jpg","width":858,"height":116,"caption":"Excellence Riviera"},"image":{"@id":"https:\/\/excellenceriviera.com\/fr\/#\/schema\/logo\/image\/"},"sameAs":["https:\/\/www.facebook.com\/ExcellenceSaintTropez\/","https:\/\/x.com\/excellence_fr","https:\/\/www.instagram.com\/excellenceriviera\/","https:\/\/www.linkedin.com\/company\/excellenceriviera"]}]}},"_links":{"self":[{"href":"https:\/\/excellenceriviera.com\/fr\/wp-json\/wp\/v2\/pages\/81","targetHints":{"allow":["GET"]}}],"collection":[{"href":"https:\/\/excellenceriviera.com\/fr\/wp-json\/wp\/v2\/pages"}],"about":[{"href":"https:\/\/excellenceriviera.com\/fr\/wp-json\/wp\/v2\/types\/page"}],"author":[{"embeddable":true,"href":"https:\/\/excellenceriviera.com\/fr\/wp-json\/wp\/v2\/users\/1"}],"replies":[{"embeddable":true,"href":"https:\/\/excellenceriviera.com\/fr\/wp-json\/wp\/v2\/comments?post=81"}],"version-history":[{"count":0,"href":"https:\/\/excellenceriviera.com\/fr\/wp-json\/wp\/v2\/pages\/81\/revisions"}],"up":[{"embeddable":true,"href":"https:\/\/excellenceriviera.com\/fr\/wp-json\/wp\/v2\/pages\/75"}],"wp:featuredmedia":[{"embeddable":true,"href":"https:\/\/excellenceriviera.com\/fr\/wp-json\/wp\/v2\/media\/7006"}],"wp:attachment":[{"href":"https:\/\/excellenceriviera.com\/fr\/wp-json\/wp\/v2\/media?parent=81"}],"curies":[{"name":"wp","href":"https:\/\/api.w.org\/{rel}","templated":true}]}}