{"id":89,"date":"2019-12-09T17:00:03","date_gmt":"2019-12-09T16:00:03","guid":{"rendered":"http:\/\/excellenceriviera.projestic.com\/?page_id=89"},"modified":"2025-05-07T15:35:45","modified_gmt":"2025-05-07T13:35:45","slug":"transfert-helicoptere-monaco","status":"publish","type":"page","link":"https:\/\/excellenceriviera.com\/fr\/transfert-helicoptere\/monaco","title":{"rendered":"H\u00e9licopt\u00e8re Monaco"},"content":{"rendered":"<div style=\"margin: 20px 0;\"><div class=\"qrcswholewtapper\" style=\"text-align:left;\"><div class=\"qrcprowrapper\"  id=\"qrcwraa2leds\"><div class=\"qrc_canvass\" id=\"qrc_cuttenpages_2\" style=\"display:inline-block\" data-text=\"https:\/\/excellenceriviera.com\/fr\/transfert-helicoptere\/monaco\"><\/div><div><a download=\"H\u00e9licopt\u00e8re Monaco.png\" class=\"qrcdownloads\" id=\"worign\">\r\n           <button type=\"button\" style=\"min-width:1000px;background:#c8fd8c;color:#000;font-weight: 600;border: 1px solid #dddddd;border-radius:4px;font-size:12px;padding: 6px 0;\" class=\"uqr_code_btn\">Download QR<\/button>\r\n           <\/a><\/div><\/div><\/div><\/div>","protected":false},"excerpt":{"rendered":"<p>Download QR<\/p>\n","protected":false},"author":1,"featured_media":644,"parent":91,"menu_order":0,"comment_status":"closed","ping_status":"closed","template":"template-transfers.php","meta":{"_acf_changed":false,"footnotes":""},"class_list":["post-89","page","type-page","status-publish","has-post-thumbnail"],"acf":[],"yoast_head":"<!-- This site is optimized with the Yoast SEO plugin v27.3 - https:\/\/yoast.com\/product\/yoast-seo-wordpress\/ -->\n<title>Transfert H\u00e9licopt\u00e8re Monaco : Informations et tarifs<\/title>\n<meta name=\"description\" content=\"Excellence vous propose des transferts en h\u00e9licopt\u00e8re entre Monaco, Saint-Tropez, Cannes et Nice. H\u00e9licopt\u00e8res modernes. R\u00e9servation rapide. Meilleur tarif.\" \/>\n<meta name=\"robots\" content=\"index, follow, max-snippet:-1, max-image-preview:large, max-video-preview:-1\" \/>\n<link rel=\"canonical\" href=\"https:\/\/excellenceriviera.com\/fr\/transfert-helicoptere\/monaco\" \/>\n<meta property=\"og:locale\" content=\"fr_FR\" \/>\n<meta property=\"og:type\" content=\"article\" \/>\n<meta property=\"og:title\" content=\"Transfert H\u00e9licopt\u00e8re Monaco : Informations et tarifs\" \/>\n<meta property=\"og:description\" content=\"Excellence vous propose des transferts en h\u00e9licopt\u00e8re entre Monaco, Saint-Tropez, Cannes et Nice. H\u00e9licopt\u00e8res modernes. R\u00e9servation rapide. Meilleur tarif.\" \/>\n<meta property=\"og:url\" content=\"https:\/\/excellenceriviera.com\/fr\/transfert-helicoptere\/monaco\" \/>\n<meta property=\"og:site_name\" content=\"Excellence Riviera\" \/>\n<meta property=\"article:publisher\" content=\"https:\/\/www.facebook.com\/ExcellenceSaintTropez\/\" \/>\n<meta property=\"article:modified_time\" content=\"2025-05-07T13:35:45+00:00\" \/>\n<meta property=\"og:image\" content=\"https:\/\/excellenceriviera.com\/wp-content\/uploads\/2020\/05\/helicopter-transfer.jpg\" \/>\n\t<meta property=\"og:image:width\" content=\"975\" \/>\n\t<meta property=\"og:image:height\" content=\"650\" \/>\n\t<meta property=\"og:image:type\" content=\"image\/jpeg\" \/>\n<meta name=\"twitter:card\" content=\"summary_large_image\" \/>\n<meta name=\"twitter:site\" content=\"@excellence_fr\" \/>\n<!-- \/ Yoast SEO plugin. -->","yoast_head_json":{"title":"Transfert H\u00e9licopt\u00e8re Monaco : Informations et tarifs","description":"Excellence vous propose des transferts en h\u00e9licopt\u00e8re entre Monaco, Saint-Tropez, Cannes et Nice. H\u00e9licopt\u00e8res modernes. R\u00e9servation rapide. Meilleur tarif.","robots":{"index":"index","follow":"follow","max-snippet":"max-snippet:-1","max-image-preview":"max-image-preview:large","max-video-preview":"max-video-preview:-1"},"canonical":"https:\/\/excellenceriviera.com\/fr\/transfert-helicoptere\/monaco","og_locale":"fr_FR","og_type":"article","og_title":"Transfert H\u00e9licopt\u00e8re Monaco : Informations et tarifs","og_description":"Excellence vous propose des transferts en h\u00e9licopt\u00e8re entre Monaco, Saint-Tropez, Cannes et Nice. H\u00e9licopt\u00e8res modernes. R\u00e9servation rapide. Meilleur tarif.","og_url":"https:\/\/excellenceriviera.com\/fr\/transfert-helicoptere\/monaco","og_site_name":"Excellence Riviera","article_publisher":"https:\/\/www.facebook.com\/ExcellenceSaintTropez\/","article_modified_time":"2025-05-07T13:35:45+00:00","og_image":[{"width":975,"height":650,"url":"https:\/\/excellenceriviera.com\/wp-content\/uploads\/2020\/05\/helicopter-transfer.jpg","type":"image\/jpeg"}],"twitter_card":"summary_large_image","twitter_site":"@excellence_fr","schema":{"@context":"https:\/\/schema.org","@graph":[{"@type":"WebPage","@id":"https:\/\/excellenceriviera.com\/fr\/transfert-helicoptere\/monaco","url":"https:\/\/excellenceriviera.com\/fr\/transfert-helicoptere\/monaco","name":"Transfert H\u00e9licopt\u00e8re Monaco : Informations et tarifs","isPartOf":{"@id":"https:\/\/excellenceriviera.com\/fr\/#website"},"primaryImageOfPage":{"@id":"https:\/\/excellenceriviera.com\/fr\/transfert-helicoptere\/monaco#primaryimage"},"image":{"@id":"https:\/\/excellenceriviera.com\/fr\/transfert-helicoptere\/monaco#primaryimage"},"thumbnailUrl":"https:\/\/excellenceriviera.com\/wp-content\/uploads\/2020\/05\/helicopter-transfer.jpg","datePublished":"2019-12-09T16:00:03+00:00","dateModified":"2025-05-07T13:35:45+00:00","description":"Excellence vous propose des transferts en h\u00e9licopt\u00e8re entre Monaco, Saint-Tropez, Cannes et Nice. H\u00e9licopt\u00e8res modernes. R\u00e9servation rapide. Meilleur tarif.","breadcrumb":{"@id":"https:\/\/excellenceriviera.com\/fr\/transfert-helicoptere\/monaco#breadcrumb"},"inLanguage":"fr-FR","potentialAction":[{"@type":"ReadAction","target":["https:\/\/excellenceriviera.com\/fr\/transfert-helicoptere\/monaco"]}]},{"@type":"ImageObject","inLanguage":"fr-FR","@id":"https:\/\/excellenceriviera.com\/fr\/transfert-helicoptere\/monaco#primaryimage","url":"https:\/\/excellenceriviera.com\/wp-content\/uploads\/2020\/05\/helicopter-transfer.jpg","contentUrl":"https:\/\/excellenceriviera.com\/wp-content\/uploads\/2020\/05\/helicopter-transfer.jpg","width":975,"height":650,"caption":"Helicopter for sightseeing."},{"@type":"BreadcrumbList","@id":"https:\/\/excellenceriviera.com\/fr\/transfert-helicoptere\/monaco#breadcrumb","itemListElement":[{"@type":"ListItem","position":1,"name":"Transfert en h\u00e9licopt\u00e8re sur la C\u00f4te d&#8217;Azur","item":"https:\/\/excellenceriviera.com\/fr\/helicopter-transfer"},{"@type":"ListItem","position":2,"name":"Transfert en h\u00e9licopt\u00e8re sur la C\u00f4te d'Azur","item":"https:\/\/excellenceriviera.com\/fr\/transfert-helicoptere"},{"@type":"ListItem","position":3,"name":"H\u00e9licopt\u00e8re Monaco"}]},{"@type":"WebSite","@id":"https:\/\/excellenceriviera.com\/fr\/#website","url":"https:\/\/excellenceriviera.com\/fr\/","name":"Excellence Riviera","description":"S\u00e9jours de luxe sur la C\u00f4te d&#039;Azur","publisher":{"@id":"https:\/\/excellenceriviera.com\/fr\/#organization"},"alternateName":"Excellence Riviera","potentialAction":[{"@type":"SearchAction","target":{"@type":"EntryPoint","urlTemplate":"https:\/\/excellenceriviera.com\/fr\/?s={search_term_string}"},"query-input":{"@type":"PropertyValueSpecification","valueRequired":true,"valueName":"search_term_string"}}],"inLanguage":"fr-FR"},{"@type":"Organization","@id":"https:\/\/excellenceriviera.com\/fr\/#organization","name":"Excellence Riviera","alternateName":"Excellence","url":"https:\/\/excellenceriviera.com\/fr\/","logo":{"@type":"ImageObject","inLanguage":"fr-FR","@id":"https:\/\/excellenceriviera.com\/fr\/#\/schema\/logo\/image\/","url":"https:\/\/excellenceriviera.com\/wp-content\/uploads\/2021\/12\/Logo-Excellence-2021.jpg","contentUrl":"https:\/\/excellenceriviera.com\/wp-content\/uploads\/2021\/12\/Logo-Excellence-2021.jpg","width":858,"height":116,"caption":"Excellence Riviera"},"image":{"@id":"https:\/\/excellenceriviera.com\/fr\/#\/schema\/logo\/image\/"},"sameAs":["https:\/\/www.facebook.com\/ExcellenceSaintTropez\/","https:\/\/x.com\/excellence_fr","https:\/\/www.instagram.com\/excellenceriviera\/","https:\/\/www.linkedin.com\/company\/excellenceriviera"]}]}},"_links":{"self":[{"href":"https:\/\/excellenceriviera.com\/fr\/wp-json\/wp\/v2\/pages\/89","targetHints":{"allow":["GET"]}}],"collection":[{"href":"https:\/\/excellenceriviera.com\/fr\/wp-json\/wp\/v2\/pages"}],"about":[{"href":"https:\/\/excellenceriviera.com\/fr\/wp-json\/wp\/v2\/types\/page"}],"author":[{"embeddable":true,"href":"https:\/\/excellenceriviera.com\/fr\/wp-json\/wp\/v2\/users\/1"}],"replies":[{"embeddable":true,"href":"https:\/\/excellenceriviera.com\/fr\/wp-json\/wp\/v2\/comments?post=89"}],"version-history":[{"count":0,"href":"https:\/\/excellenceriviera.com\/fr\/wp-json\/wp\/v2\/pages\/89\/revisions"}],"up":[{"embeddable":true,"href":"https:\/\/excellenceriviera.com\/fr\/wp-json\/wp\/v2\/pages\/91"}],"wp:featuredmedia":[{"embeddable":true,"href":"https:\/\/excellenceriviera.com\/fr\/wp-json\/wp\/v2\/media\/644"}],"wp:attachment":[{"href":"https:\/\/excellenceriviera.com\/fr\/wp-json\/wp\/v2\/media?parent=89"}],"curies":[{"name":"wp","href":"https:\/\/api.w.org\/{rel}","templated":true}]}}